{"id":81,"date":"2020-04-10T17:51:37","date_gmt":"2020-04-10T20:51:37","guid":{"rendered":"http:\/\/www.games4learning.com.br\/games4learning\/?page_id=81"},"modified":"2020-04-10T21:32:15","modified_gmt":"2020-04-11T00:32:15","slug":"equipe-games4learning","status":"publish","type":"page","link":"http:\/\/www.games4learning.com.br\/games4learning\/equipe-games4learning\/","title":{"rendered":"Equipe Games4Learning"},"content":{"rendered":"\n<h2>Renata Barreto<\/h2>\n\n\n\n<div class=\"wp-block-image\"><figure class=\"alignleft is-resized\"><img loading=\"lazy\" src=\"http:\/\/www.games4learning.com.br\/games4learning\/wp-content\/uploads\/2020\/04\/WhatsApp-Image-2020-04-10-at-13.21.10-300x200.jpeg\" alt=\"\" class=\"wp-image-85\" width=\"150\" height=\"100\" srcset=\"http:\/\/www.games4learning.com.br\/games4learning\/wp-content\/uploads\/2020\/04\/WhatsApp-Image-2020-04-10-at-13.21.10-300x200.jpeg 300w, http:\/\/www.games4learning.com.br\/games4learning\/wp-content\/uploads\/2020\/04\/WhatsApp-Image-2020-04-10-at-13.21.10-768x511.jpeg 768w, http:\/\/www.games4learning.com.br\/games4learning\/wp-content\/uploads\/2020\/04\/WhatsApp-Image-2020-04-10-at-13.21.10-1024x682.jpeg 1024w, http:\/\/www.games4learning.com.br\/games4learning\/wp-content\/uploads\/2020\/04\/WhatsApp-Image-2020-04-10-at-13.21.10.jpeg 1202w\" sizes=\"(max-width: 150px) 100vw, 150px\" \/><\/figure><\/div>\n\n\n\n<p>Doutoranda em Modelagem Computacional e Tecnologia Industrial (PPGMCTI) SENAI-CIMATEC (2018-atual). Mestre em Modelagem Computacional e Tecnologia Industrial (PPGMCTI) SENAI-CIMATEC (2016-2018). Graduada Pedagogia pela Universidade do Estado da Bahia (2011-2015.1). Graduada em Educa\u00e7\u00e3o F\u00edsica Licenciatura pela Uni\u00e3o Metropolitana de Educa\u00e7\u00e3o e Cultura (2009-2011). Professora de Capoeira (2003 &#8211; Atual). Tem experi\u00eancia na \u00e1rea de Educa\u00e7\u00e3o; Ci\u00eancia das Redes Complexas e Capoeira do Autoconhecimento.<\/p>\n\n\n\n<h2>Edvaldo Melquiades<\/h2>\n\n\n\n<div class=\"wp-block-image\"><figure class=\"alignleft is-resized\"><img loading=\"lazy\" src=\"http:\/\/www.games4learning.com.br\/games4learning\/wp-content\/uploads\/2020\/04\/WhatsApp-Image-2020-04-10-at-13.23.36-270x300.jpeg\" alt=\"\" class=\"wp-image-86\" width=\"135\" height=\"150\" srcset=\"http:\/\/www.games4learning.com.br\/games4learning\/wp-content\/uploads\/2020\/04\/WhatsApp-Image-2020-04-10-at-13.23.36-270x300.jpeg 270w, http:\/\/www.games4learning.com.br\/games4learning\/wp-content\/uploads\/2020\/04\/WhatsApp-Image-2020-04-10-at-13.23.36.jpeg 530w\" sizes=\"(max-width: 135px) 100vw, 135px\" \/><\/figure><\/div>\n\n\n\n<p>Mestrando em Modelagem Computacional e Tecnologia Industrial &#8211; Linha de pesquisa: Modelagem de Sistemas Cognitivos (2018 &#8211; Atual). Possui gradua\u00e7\u00e3o em Artes Pl\u00e1sticas pela Universidade Federal da Bahia (1998). P\u00f3s gradua\u00e7\u00e3o em Metodologia do Ensino Superior com \u00canfase em Novas tecnologias, P\u00f3s Gradua\u00e7\u00e3o em Psicopedagogia e P\u00f3s gradua\u00e7\u00e3o em Consci\u00eancia e Educa\u00e7\u00e3o. Tem experi\u00eancia na \u00e1rea de Arte Educa\u00e7\u00e3o, EAD, Projetos Sociais, Pintura e atua principalmente nos seguintes temas: Arte Educa\u00e7\u00e3o, Forma\u00e7\u00e3o Docente, Conscienciologia, Jogos Educativos Digitais, Hist\u00f3rias em quadrinhos, Neuroci\u00eancia (Percep\u00e7\u00e3o), Design de Produto, Semi\u00f3tica; Hist\u00f3ria, Filosofia e Psicologia da Arte (percep\u00e7\u00e3o visual).<\/p>\n\n\n\n<h2>Roberto Monteiro<\/h2>\n\n\n\n<div class=\"wp-block-image\"><figure class=\"alignleft is-resized\"><img loading=\"lazy\" src=\"http:\/\/www.games4learning.com.br\/games4learning\/wp-content\/uploads\/2020\/04\/WhatsApp-Image-2020-04-10-at-16.13.27-300x199.jpeg\" alt=\"\" class=\"wp-image-84\" width=\"150\" height=\"100\" srcset=\"http:\/\/www.games4learning.com.br\/games4learning\/wp-content\/uploads\/2020\/04\/WhatsApp-Image-2020-04-10-at-16.13.27-300x199.jpeg 300w, http:\/\/www.games4learning.com.br\/games4learning\/wp-content\/uploads\/2020\/04\/WhatsApp-Image-2020-04-10-at-16.13.27-768x508.jpeg 768w, http:\/\/www.games4learning.com.br\/games4learning\/wp-content\/uploads\/2020\/04\/WhatsApp-Image-2020-04-10-at-16.13.27-1024x678.jpeg 1024w, http:\/\/www.games4learning.com.br\/games4learning\/wp-content\/uploads\/2020\/04\/WhatsApp-Image-2020-04-10-at-16.13.27.jpeg 1200w\" sizes=\"(max-width: 150px) 100vw, 150px\" \/><\/figure><\/div>\n\n\n\n<p>Roberto Luiz Souza Monteiro possui p\u00f3s-doutorado em Modelagem Computacional e Tecnologia Industrial pela Faculdade de Tecnologia SENAI CIMATEC, doutorado em Difus\u00e3o do Conhecimento pela Universidade Federal da Bahia, mestrado em Modelagem Computacional pela Funda\u00e7\u00e3o Visconde de Cairu, bacharelado em Sistemas de Informa\u00e7\u00e3o, pela Universidade Est\u00e1cio de S\u00e1 e licenciatura em Administra\u00e7\u00e3o pela Universidade do Estado da Bahia. Atualmente \u00e9 professor da Universidade do Estado da Bahia e do Centro Universit\u00e1rio SENAI CIMATEC. Tem experi\u00eancia na \u00e1rea de Inform\u00e1tica e Sociedade, com \u00eanfase em Ci\u00eancias Sociais Aplicadas, Ci\u00eancia da Computa\u00e7\u00e3o, com \u00eanfase em Linguagem Formais e Aut\u00f4matos e Modelagem Computacional com \u00eanfase em Sistemas Complexos, atuando principalmente nos seguintes temas: projeto de compiladores, sistemas embarcados, an\u00e1lise de redes sociais e complexas e intelig\u00eancia artificial.<\/p>\n","protected":false},"excerpt":{"rendered":"<p>Renata Barreto Doutoranda em Modelagem Computacional e Tecnologia Industrial (PPGMCTI) SENAI-CIMATEC (2018-atual). Mestre em Modelagem Computacional e Tecnologia Industrial (PPGMCTI) SENAI-CIMATEC (2016-2018). Graduada Pedagogia pela Universidade do Estado da Bahia (2011-2015.1). Graduada em Educa\u00e7\u00e3o F\u00edsica Licenciatura pela Uni\u00e3o Metropolitana de Educa\u00e7\u00e3o e Cultura (2009-2011). Professora de Capoeira (2003 &#8211; Atual). Tem experi\u00eancia na \u00e1rea de &hellip; <\/p>\n<p class=\"link-more\"><a href=\"http:\/\/www.games4learning.com.br\/games4learning\/equipe-games4learning\/\" class=\"more-link\">Continue lendo<span class=\"screen-reader-text\"> &#8220;Equipe Games4Learning&#8221;<\/span><\/a><\/p>\n","protected":false},"author":1,"featured_media":0,"parent":0,"menu_order":0,"comment_status":"closed","ping_status":"closed","template":"","meta":[],"_links":{"self":[{"href":"http:\/\/www.games4learning.com.br\/games4learning\/wp-json\/wp\/v2\/pages\/81"}],"collection":[{"href":"http:\/\/www.games4learning.com.br\/games4learning\/wp-json\/wp\/v2\/pages"}],"about":[{"href":"http:\/\/www.games4learning.com.br\/games4learning\/wp-json\/wp\/v2\/types\/page"}],"author":[{"embeddable":true,"href":"http:\/\/www.games4learning.com.br\/games4learning\/wp-json\/wp\/v2\/users\/1"}],"replies":[{"embeddable":true,"href":"http:\/\/www.games4learning.com.br\/games4learning\/wp-json\/wp\/v2\/comments?post=81"}],"version-history":[{"count":3,"href":"http:\/\/www.games4learning.com.br\/games4learning\/wp-json\/wp\/v2\/pages\/81\/revisions"}],"predecessor-version":[{"id":90,"href":"http:\/\/www.games4learning.com.br\/games4learning\/wp-json\/wp\/v2\/pages\/81\/revisions\/90"}],"wp:attachment":[{"href":"http:\/\/www.games4learning.com.br\/games4learning\/wp-json\/wp\/v2\/media?parent=81"}],"curies":[{"name":"wp","href":"https:\/\/api.w.org\/{rel}","templated":true}]}}