{"id":71,"date":"2020-04-10T13:10:58","date_gmt":"2020-04-10T16:10:58","guid":{"rendered":"http:\/\/www.games4learning.com.br\/games4learning\/?page_id=71"},"modified":"2020-04-10T14:32:38","modified_gmt":"2020-04-10T17:32:38","slug":"covid19-overcoming","status":"publish","type":"page","link":"http:\/\/www.games4learning.com.br\/games4learning\/covid19-overcoming\/","title":{"rendered":"Jogo COVID19-Overcoming"},"content":{"rendered":"\n<div class=\"wp-block-image\"><figure class=\"alignleft\"><img loading=\"lazy\" width=\"120\" height=\"120\" src=\"http:\/\/www.games4learning.com.br\/games4learning\/wp-content\/uploads\/2020\/04\/Fora-Coronavirus-Verde.png\" alt=\"\" class=\"wp-image-30\" srcset=\"http:\/\/www.games4learning.com.br\/games4learning\/wp-content\/uploads\/2020\/04\/Fora-Coronavirus-Verde.png 120w, http:\/\/www.games4learning.com.br\/games4learning\/wp-content\/uploads\/2020\/04\/Fora-Coronavirus-Verde-100x100.png 100w\" sizes=\"(max-width: 120px) 100vw, 120px\" \/><\/figure><\/div>\n\n\n\n<p>COVID19-Overcoming \u00e9 um jogo ambientado em uma cidade fict\u00edcia onde est\u00e1 ocorrendo uma epidemia da doen\u00e7a COVID-19. O personagem principal do jogo \u00e9 um m\u00e9dico que luta para conscientizar a popula\u00e7\u00e3o dos cuidados que deve tomar para n\u00e3o contrair a doen\u00e7a, ao mesmo tempo que tenta salvar seus pacientes, no hospital onde trabalha, ajudar seus amigos e proteger sua fam\u00edlia e a si mesmo da contamina\u00e7\u00e3o pelo coronav\u00edrus. A trama ainda inclui um dono de f\u00e1brica inescrupuloso que obriga seus funcion\u00e1rios, mesmo doentes, a trabalhar. O jogo est\u00e1 dispon\u00edvel para Windows, macOS e Linux e Android. Para baixar clique nos links a seguir:<\/p>\n\n\n\n<h2>Manual de instru\u00e7\u00f5es<\/h2>\n\n\n\n<p><a href=\"http:\/\/www.games4learning.com.br\/downloads\/COVID19-Overcoming-Manual.pdf\">http:\/\/www.games4learning.com.br\/downloads\/COVID19-Overcoming-Manual.pdf<\/a><\/p>\n\n\n\n<h2>Windows<\/h2>\n\n\n\n<p><a href=\"http:\/\/www.games4learning.com.br\/downloads\/COVID19-Overcoming-Windows.zip\">http:\/\/www.games4learning.com.br\/downloads\/COVID19-Overcoming-Windows.zip<\/a><\/p>\n\n\n\n<h2>macOS<\/h2>\n\n\n\n<p><a href=\"http:\/\/www.games4learning.com.br\/downloads\/COVID19-Overcoming-macOS.zip\">http:\/\/www.games4learning.com.br\/downloads\/COVID19-Overcoming-macOS.zip<\/a><\/p>\n\n\n\n<h2>Linux<\/h2>\n\n\n\n<p><a href=\"http:\/\/www.games4learning.com.br\/downloads\/COVID19-Overcoming-Linux.zip\">http:\/\/www.games4learning.com.br\/downloads\/COVID19-Overcoming-Linux.zip<\/a><\/p>\n\n\n\n<h2>Android<\/h2>\n\n\n\n<p><a href=\"http:\/\/www.games4learning.com.br\/downloads\/COVID19-Overcoming.apk\">http:\/\/www.games4learning.com.br\/downloads\/COVID19-Overcoming.apk<\/a><\/p>\n\n\n\n<h2>Jogue on-line<\/h2>\n\n\n\n<p><a href=\"http:\/\/www.games4learning.com.br\/covid19overcoming\/www\/\">http:\/\/www.games4learning.com.br\/covid19overcoming\/www\/<\/a><\/p>\n\n\n\n<h2>Importante<\/h2>\n\n\n\n<p><em>Aten\u00e7\u00e3o, algumas vers\u00f5es do sistema Android alertam ao usu\u00e1rio que este aplicativo pode conter software malicioso. Est\u00e1 \u00e9 uma mensagem padr\u00e3o do Android para aplica\u00e7\u00f5es instaladas fora da Play Store. O aplicativo \u00e9 seguro e est\u00e1 assinado digitalmente pelo desenvolvedor. Se preferir jogue on-line, utilizando o link para vers\u00e3o web:<\/em><\/p>\n\n\n\n<p><a rel=\"noreferrer noopener\" href=\"http:\/\/www.games4learning.com.br\/covid19overcoming\/www\/\" target=\"_blank\">http:\/\/www.games4learning.com.br\/covid19overcoming\/www\/<\/a><\/p>\n\n\n\n<p>Para maiores informa\u00e7\u00f5es entre em contato:<\/p>\n\n\n\n<p><a href=\"mailto:roberto@souzamonteiro.com\">roberto@souzamonteiro.com<\/a><\/p>\n","protected":false},"excerpt":{"rendered":"<p>COVID19-Overcoming \u00e9 um jogo ambientado em uma cidade fict\u00edcia onde est\u00e1 ocorrendo uma epidemia da doen\u00e7a COVID-19. O personagem principal do jogo \u00e9 um m\u00e9dico que luta para conscientizar a popula\u00e7\u00e3o dos cuidados que deve tomar para n\u00e3o contrair a doen\u00e7a, ao mesmo tempo que tenta salvar seus pacientes, no hospital onde trabalha, ajudar seus &hellip; <\/p>\n<p class=\"link-more\"><a href=\"http:\/\/www.games4learning.com.br\/games4learning\/covid19-overcoming\/\" class=\"more-link\">Continue lendo<span class=\"screen-reader-text\"> &#8220;Jogo COVID19-Overcoming&#8221;<\/span><\/a><\/p>\n","protected":false},"author":1,"featured_media":0,"parent":0,"menu_order":0,"comment_status":"closed","ping_status":"closed","template":"","meta":[],"_links":{"self":[{"href":"http:\/\/www.games4learning.com.br\/games4learning\/wp-json\/wp\/v2\/pages\/71"}],"collection":[{"href":"http:\/\/www.games4learning.com.br\/games4learning\/wp-json\/wp\/v2\/pages"}],"about":[{"href":"http:\/\/www.games4learning.com.br\/games4learning\/wp-json\/wp\/v2\/types\/page"}],"author":[{"embeddable":true,"href":"http:\/\/www.games4learning.com.br\/games4learning\/wp-json\/wp\/v2\/users\/1"}],"replies":[{"embeddable":true,"href":"http:\/\/www.games4learning.com.br\/games4learning\/wp-json\/wp\/v2\/comments?post=71"}],"version-history":[{"count":6,"href":"http:\/\/www.games4learning.com.br\/games4learning\/wp-json\/wp\/v2\/pages\/71\/revisions"}],"predecessor-version":[{"id":78,"href":"http:\/\/www.games4learning.com.br\/games4learning\/wp-json\/wp\/v2\/pages\/71\/revisions\/78"}],"wp:attachment":[{"href":"http:\/\/www.games4learning.com.br\/games4learning\/wp-json\/wp\/v2\/media?parent=71"}],"curies":[{"name":"wp","href":"https:\/\/api.w.org\/{rel}","templated":true}]}}