{"id":68,"date":"2020-04-10T13:05:16","date_gmt":"2020-04-10T16:05:16","guid":{"rendered":"http:\/\/www.games4learning.com.br\/games4learning\/?page_id=68"},"modified":"2020-04-10T13:05:16","modified_gmt":"2020-04-10T16:05:16","slug":"esta-na-midia","status":"publish","type":"page","link":"http:\/\/www.games4learning.com.br\/games4learning\/esta-na-midia\/","title":{"rendered":"Est\u00e1 na m\u00eddia"},"content":{"rendered":"\n<p>Aqui voc\u00ea tem acesso a entrevistas e mat\u00e9rias publicadas na m\u00eddia.<\/p>\n\n\n\n<h2>Entrevista publicada no G1<\/h2>\n\n\n\n<p><a href=\"https:\/\/g1.globo.com\/ba\/bahia\/noticia\/2020\/04\/09\/covid19-overcoming-voluntarios-lancam-game-gratuito-para-conscientizar-populacao-sobre-cuidados-com-pandemia.ghtml\">https:\/\/g1.globo.com\/ba\/bahia\/noticia\/2020\/04\/09\/covid19-overcoming-voluntarios-lancam-game-gratuito-para-conscientizar-populacao-sobre-cuidados-com-pandemia.ghtml<\/a><\/p>\n\n\n\n<h2>Mat\u00e9ria publicada no Bahia Not\u00edcias<\/h2>\n\n\n\n<p><a href=\"https:\/\/www.bahianoticias.com.br\/noticia\/246633-baianos-criam-jogo-digital-baseado-na-pandemia-do-coronavirus.html\">https:\/\/www.bahianoticias.com.br\/noticia\/246633-baianos-criam-jogo-digital-baseado-na-pandemia-do-coronavirus.html<\/a><\/p>\n","protected":false},"excerpt":{"rendered":"<p>Aqui voc\u00ea tem acesso a entrevistas e mat\u00e9rias publicadas na m\u00eddia. Entrevista publicada no G1 https:\/\/g1.globo.com\/ba\/bahia\/noticia\/2020\/04\/09\/covid19-overcoming-voluntarios-lancam-game-gratuito-para-conscientizar-populacao-sobre-cuidados-com-pandemia.ghtml Mat\u00e9ria publicada no Bahia Not\u00edcias https:\/\/www.bahianoticias.com.br\/noticia\/246633-baianos-criam-jogo-digital-baseado-na-pandemia-do-coronavirus.html<\/p>\n","protected":false},"author":1,"featured_media":0,"parent":0,"menu_order":0,"comment_status":"closed","ping_status":"closed","template":"","meta":[],"_links":{"self":[{"href":"http:\/\/www.games4learning.com.br\/games4learning\/wp-json\/wp\/v2\/pages\/68"}],"collection":[{"href":"http:\/\/www.games4learning.com.br\/games4learning\/wp-json\/wp\/v2\/pages"}],"about":[{"href":"http:\/\/www.games4learning.com.br\/games4learning\/wp-json\/wp\/v2\/types\/page"}],"author":[{"embeddable":true,"href":"http:\/\/www.games4learning.com.br\/games4learning\/wp-json\/wp\/v2\/users\/1"}],"replies":[{"embeddable":true,"href":"http:\/\/www.games4learning.com.br\/games4learning\/wp-json\/wp\/v2\/comments?post=68"}],"version-history":[{"count":1,"href":"http:\/\/www.games4learning.com.br\/games4learning\/wp-json\/wp\/v2\/pages\/68\/revisions"}],"predecessor-version":[{"id":70,"href":"http:\/\/www.games4learning.com.br\/games4learning\/wp-json\/wp\/v2\/pages\/68\/revisions\/70"}],"wp:attachment":[{"href":"http:\/\/www.games4learning.com.br\/games4learning\/wp-json\/wp\/v2\/media?parent=68"}],"curies":[{"name":"wp","href":"https:\/\/api.w.org\/{rel}","templated":true}]}}