{"id":52,"date":"2020-04-06T15:09:22","date_gmt":"2020-04-06T18:09:22","guid":{"rendered":"http:\/\/www.games4learning.com.br\/games4learning\/?page_id=52"},"modified":"2020-04-06T15:09:22","modified_gmt":"2020-04-06T18:09:22","slug":"covid19-overcoming-manual","status":"publish","type":"page","link":"http:\/\/www.games4learning.com.br\/games4learning\/covid19-overcoming-manual\/","title":{"rendered":"COVID19-Overcoming-Manual"},"content":{"rendered":"\n<h2>Sinopse<\/h2>\n\n\n\n<p>Este jogo \u00e9 ambientado em uma cidade fict\u00edcia, onde est\u00e1 ocorrendo uma epidemia da doen\u00e7a COVID-19. O personagem principal, o m\u00e9dico Dr. Lucas, tem como desafio, instruir a popula\u00e7\u00e3o sobre os cuidados que devem ter para se proteger do coronav\u00edrus, ao mesmo tempo que luta pada salvar as vidas de seus pacientes no hospital da cidade, e procura proteger sua fam\u00edlia e amigos e evitar ser contaminado pelo v\u00edrus.<\/p>\n\n\n\n<h2>HPs<\/h2>\n\n\n\n<p>HP \u00e9 a unidade de vida do personagem. Ele come\u00e7a com 250 HPs e perde unidades \u00e0 medida que se desloca pela cidade e esbarra em objetos e pessoas contaminadas.<\/p>\n\n\n\n<p>Para recuperar HPs o personagem deve lavar as m\u00e3o ou passar \u00e1lcool nelas frequentemente.<\/p>\n\n\n\n<p>Caso o personagem perca todos os seus HPs ele morrer\u00e1 e o jogo terminar\u00e1. Assim, \u00e9 importante salvar o jogo frequentemente. Veja mais adiante como salvar o estado atual do jogo.<\/p>\n\n\n\n<h2>Menus <\/h2>\n\n\n\n<p>Existem dois menus no programa: o menu da <strong>tela inicial <\/strong>e o menu de <strong>op\u00e7\u00f5es<\/strong> do jogo. O <strong>menu da tela inicial<\/strong> permite iniciar um <strong>novo<\/strong> jogo ou <strong>continuar<\/strong> um jogo anterior. Caso o usu\u00e1rio selecione continuar, ele poder\u00e1 selecionar qualquer um dos jogos salvos previamente.<\/p>\n\n\n\n<p>O menu de op\u00e7\u00f5es \u00e9 exibido quando o usu\u00e1rio pressiona a tecla <strong>ESC<\/strong>. Neste menu o usu\u00e1rio pode ver os <strong>itens<\/strong> que acumulou durante o jogo e utiliz\u00e1-los caso seja necess\u00e1rio. Neste menu tamb\u00e9m \u00e9 poss\u00edvel ver o <strong>status<\/strong> do jogador, onde est\u00e3o indicados seus <strong>HPs<\/strong> e a quantidade de <strong>dinheiro<\/strong> dispon\u00edvel. O dinheiro \u00e9 necess\u00e1rio para comprar itens na farm\u00e1cia e no mercado. O jogador come\u00e7a com <strong>1000<\/strong> unidades monet\u00e1rias e n\u00e3o pode obter mais durante o jogo. Assim, gaste com parcim\u00f4nia. Neste menu tamb\u00e9m \u00e9 poss\u00edvel <strong>salvar<\/strong> o estado do jogo a qualquer momento.<\/p>\n\n\n\n<h2>Navega\u00e7\u00e3o<\/h2>\n\n\n\n<p>O jogador controla seu personagem utilizando as <strong>SETAS<\/strong> e as teclas <strong>ENTER<\/strong> e <strong>ESPA\u00c7O<\/strong> no teclado. Para <strong>movimentar<\/strong> o personagem utiliza-se as <strong>SETAS<\/strong> no teclado. O para selecionar objetos e interagir com os personagens n\u00e3o-jog\u00e1veis (NPCs) utiliza-se as teclas <strong>ENTER<\/strong> e <strong>ESPA\u00c7O<\/strong>.<\/p>\n\n\n\n<h2>Concluindo o jogo<\/h2>\n\n\n\n<p>Para concluir o jogo \u00e9 preciso concluir todas as miss\u00f5es. Ao <strong>falhar<\/strong> em uma miss\u00e3o, o jogador perde todo o HP e morre. Ao concluir com <strong>sucesso<\/strong> uma miss\u00e3o, o jogador tem todo seu <strong>HP restaurado  e ganha pr\u00eamios<\/strong> que poder\u00e1 utilizar em novas miss\u00f5es. <\/p>\n","protected":false},"excerpt":{"rendered":"<p>Sinopse Este jogo \u00e9 ambientado em uma cidade fict\u00edcia, onde est\u00e1 ocorrendo uma epidemia da doen\u00e7a COVID-19. O personagem principal, o m\u00e9dico Dr. Lucas, tem como desafio, instruir a popula\u00e7\u00e3o sobre os cuidados que devem ter para se proteger do coronav\u00edrus, ao mesmo tempo que luta pada salvar as vidas de seus pacientes no hospital &hellip; <\/p>\n<p class=\"link-more\"><a href=\"http:\/\/www.games4learning.com.br\/games4learning\/covid19-overcoming-manual\/\" class=\"more-link\">Continue lendo<span class=\"screen-reader-text\"> &#8220;COVID19-Overcoming-Manual&#8221;<\/span><\/a><\/p>\n","protected":false},"author":1,"featured_media":0,"parent":0,"menu_order":0,"comment_status":"closed","ping_status":"closed","template":"","meta":[],"_links":{"self":[{"href":"http:\/\/www.games4learning.com.br\/games4learning\/wp-json\/wp\/v2\/pages\/52"}],"collection":[{"href":"http:\/\/www.games4learning.com.br\/games4learning\/wp-json\/wp\/v2\/pages"}],"about":[{"href":"http:\/\/www.games4learning.com.br\/games4learning\/wp-json\/wp\/v2\/types\/page"}],"author":[{"embeddable":true,"href":"http:\/\/www.games4learning.com.br\/games4learning\/wp-json\/wp\/v2\/users\/1"}],"replies":[{"embeddable":true,"href":"http:\/\/www.games4learning.com.br\/games4learning\/wp-json\/wp\/v2\/comments?post=52"}],"version-history":[{"count":1,"href":"http:\/\/www.games4learning.com.br\/games4learning\/wp-json\/wp\/v2\/pages\/52\/revisions"}],"predecessor-version":[{"id":54,"href":"http:\/\/www.games4learning.com.br\/games4learning\/wp-json\/wp\/v2\/pages\/52\/revisions\/54"}],"wp:attachment":[{"href":"http:\/\/www.games4learning.com.br\/games4learning\/wp-json\/wp\/v2\/media?parent=52"}],"curies":[{"name":"wp","href":"https:\/\/api.w.org\/{rel}","templated":true}]}}